{"id":77,"date":"2019-08-28T17:02:24","date_gmt":"2019-08-28T17:02:24","guid":{"rendered":"http:\/\/www.carocaleidoscope.com\/?page_id=77"},"modified":"2022-06-29T17:06:03","modified_gmt":"2022-06-29T17:06:03","slug":"welcome","status":"publish","type":"page","link":"https:\/\/www.carocaleidoscope.com\/?page_id=77","title":{"rendered":"welcome"},"content":{"rendered":"<p style=\"text-align: left;\">Wilkommen auf der Website von Caro.<br \/>\nDieser Internetauftritt wurde von der K\u00fcnstlerin selber angelegt und nach ihrem Tod im April 2022\u00a0 um\u00a0 &#8222;welcome&#8220;, &#8222;the colour blue&#8220;, &#8222;leafs and flowers&#8220; und &#8222;landscapes and more&#8220; erg\u00e4nzt.<br \/>\nBei Interesse an ihren Werken wenden Sie sich bitte an die folgende Email-Adresse:<\/p>\n<a class=\"standard-btn small-btn\" href=\"mailto:post@carocaleidoscope.com\"><span>mailtocaro<\/span><\/a>\n<p style=\"text-align: left;\">Ihre Feundinnen und Freunde werden sich zeitnah um eine Antwort k\u00fcmmern.<br \/>\nEs war Caros Wille, dass der Verkaufserl\u00f6s ihrer Bilder vollst\u00e4ndig einem guten Zweck zugef\u00fchrt wird. Da unsere Freundin durch den Hospizverein D\u00fcsseldorf und die Palliativstation der Uniklinik D\u00fcsseldorf aufmerksam und liebevoll betreut wurde, sollen diese beiden Einrichtungen finanziell unterst\u00fctzt werden.<\/p>\n","protected":false},"excerpt":{"rendered":"<p>Wilkommen auf der Website von Caro. Dieser Internetauftritt wurde von der K\u00fcnstlerin selber angelegt und nach ihrem Tod im April 2022\u00a0 um\u00a0 &#8222;welcome&#8220;, &#8222;the colour blue&#8220;, &#8222;leafs and flowers&#8220; und &#8222;landscapes and more&#8220; erg\u00e4nzt. Bei Interesse an ihren Werken wenden Sie sich bitte an die folgende Email-Adresse: Ihre Feundinnen und Freunde werden sich zeitnah um [&hellip;]<\/p>\n","protected":false},"author":1,"featured_media":0,"parent":0,"menu_order":0,"comment_status":"closed","ping_status":"closed","template":"","meta":{"footnotes":""},"class_list":["post-77","page","type-page","status-publish","hentry"],"jetpack_shortlink":"https:\/\/wp.me\/Pbg4RF-1f","jetpack_sharing_enabled":true,"_links":{"self":[{"href":"https:\/\/www.carocaleidoscope.com\/index.php?rest_route=\/wp\/v2\/pages\/77","targetHints":{"allow":["GET"]}}],"collection":[{"href":"https:\/\/www.carocaleidoscope.com\/index.php?rest_route=\/wp\/v2\/pages"}],"about":[{"href":"https:\/\/www.carocaleidoscope.com\/index.php?rest_route=\/wp\/v2\/types\/page"}],"author":[{"embeddable":true,"href":"https:\/\/www.carocaleidoscope.com\/index.php?rest_route=\/wp\/v2\/users\/1"}],"replies":[{"embeddable":true,"href":"https:\/\/www.carocaleidoscope.com\/index.php?rest_route=%2Fwp%2Fv2%2Fcomments&post=77"}],"version-history":[{"count":19,"href":"https:\/\/www.carocaleidoscope.com\/index.php?rest_route=\/wp\/v2\/pages\/77\/revisions"}],"predecessor-version":[{"id":1087,"href":"https:\/\/www.carocaleidoscope.com\/index.php?rest_route=\/wp\/v2\/pages\/77\/revisions\/1087"}],"wp:attachment":[{"href":"https:\/\/www.carocaleidoscope.com\/index.php?rest_route=%2Fwp%2Fv2%2Fmedia&parent=77"}],"curies":[{"name":"wp","href":"https:\/\/api.w.org\/{rel}","templated":true}]}}